{"id":2610,"date":"2023-11-04T11:09:22","date_gmt":"2023-11-04T10:09:22","guid":{"rendered":"http:\/\/www.dedaleseditions.com\/site\/?page_id=2610"},"modified":"2025-03-16T11:58:27","modified_gmt":"2025-03-16T10:58:27","slug":"cgu","status":"publish","type":"page","link":"https:\/\/www.dedaleseditions.com\/site\/cgu\/","title":{"rendered":"CGU"},"content":{"rendered":"<p>D\u00e9dales est une association d\u00e9clar\u00e9e (loi 1901) \u00e0 but non-lucratif. SIRET: 533 244 018 00016<br \/>\nLes produit vendus dans la boutique ne sont pas soumis \u00e0 taxation (TVA).<br \/>\nLes d\u00e9lais d&rsquo;envois ne peuvent pas offrir de garanti, toutefois vous serrez inform\u00e9 d\u00e8s l&rsquo;envoi de votre colis. Si vous n&rsquo;avez pas re\u00e7u de notification dans le mois suivant votre commande vous pourrez demander un remboursement sous la forme d un ch\u00e8que qui vous serra envoy\u00e9 \u00e0 l&rsquo;adresse enregistr\u00e9e de la commande.<br \/>\nLes informations transmises \u00e0 la boutique D\u00e9dales ne seront nullement utilis\u00e9es \u00e0 d&rsquo;autres fins que la communication concernant votre commande, et l&rsquo;envoie de votre colis.<br \/>\nD\u00e9dales vous remercie de l&rsquo;int\u00e9r\u00eat que vous manifestez pour ses productions.<\/p>\n","protected":false},"excerpt":{"rendered":"<p>D\u00e9dales est une association d\u00e9clar\u00e9e (loi 1901) \u00e0 but non-lucratif. SIRET: 533 244 018 00016 Les produit vendus dans la boutique ne sont pas soumis \u00e0 taxation (TVA). Les d\u00e9lais d&rsquo;envois ne peuvent pas offrir de garanti, toutefois vous serrez inform\u00e9 d\u00e8s l&rsquo;envoi de votre colis. Si vous n&rsquo;avez pas re\u00e7u de notification dans le [&hellip;]<\/p>\n","protected":false},"author":1,"featured_media":0,"parent":0,"menu_order":0,"comment_status":"closed","ping_status":"closed","template":"","meta":{"ngg_post_thumbnail":0,"footnotes":""},"class_list":["post-2610","page","type-page","status-publish","hentry"],"_links":{"self":[{"href":"https:\/\/www.dedaleseditions.com\/site\/wp-json\/wp\/v2\/pages\/2610","targetHints":{"allow":["GET"]}}],"collection":[{"href":"https:\/\/www.dedaleseditions.com\/site\/wp-json\/wp\/v2\/pages"}],"about":[{"href":"https:\/\/www.dedaleseditions.com\/site\/wp-json\/wp\/v2\/types\/page"}],"author":[{"embeddable":true,"href":"https:\/\/www.dedaleseditions.com\/site\/wp-json\/wp\/v2\/users\/1"}],"replies":[{"embeddable":true,"href":"https:\/\/www.dedaleseditions.com\/site\/wp-json\/wp\/v2\/comments?post=2610"}],"version-history":[{"count":2,"href":"https:\/\/www.dedaleseditions.com\/site\/wp-json\/wp\/v2\/pages\/2610\/revisions"}],"predecessor-version":[{"id":2923,"href":"https:\/\/www.dedaleseditions.com\/site\/wp-json\/wp\/v2\/pages\/2610\/revisions\/2923"}],"wp:attachment":[{"href":"https:\/\/www.dedaleseditions.com\/site\/wp-json\/wp\/v2\/media?parent=2610"}],"curies":[{"name":"wp","href":"https:\/\/api.w.org\/{rel}","templated":true}]}}