{"id":2701,"date":"2024-01-22T11:36:27","date_gmt":"2024-01-22T10:36:27","guid":{"rendered":"http:\/\/www.dedaleseditions.com\/site\/?page_id=2701"},"modified":"2025-03-19T18:10:43","modified_gmt":"2025-03-19T17:10:43","slug":"a-voir","status":"publish","type":"page","link":"https:\/\/www.dedaleseditions.com\/site\/a-voir\/","title":{"rendered":"\u00c0 voir"},"content":{"rendered":"\n<p><strong>Voici les liens des auteur\u2027ices de D\u00e9dales \u00c9ditions :<\/strong><\/p>\n\n\n\n<p>Le <a href=\"http:\/\/mgd-contis.fr\/\">site<\/a> de Mathieu, son <a href=\"https:\/\/www.instagram.com\/mathieu_mgd_contis\/\">Instagram<\/a> et sa <a href=\"https:\/\/atelierdelacave.etsy.com\/\">boutique<\/a><\/p>\n\n\n\n<p>Le <a href=\"http:\/\/ugobagnarosa.fr\">site<\/a> d&rsquo;Ugo Bagnarosa et son <a href=\"http:\/\/www.instagram.com\/ugobagnarosa\/\">Instagram<\/a><\/p>\n\n\n\n<p>La <a href=\"https:\/\/www.youtube.com\/@frereschantaux\">Cha\u00eene Youtube<\/a> des fr\u00e8res Chantaux, ainsi que leur <a href=\"https:\/\/www.instagram.com\/frereschantaux\/?hl=fr\">Instagram<\/a><\/p>\n\n\n\n<p><a href=\"https:\/\/www.instagram.com\/eloise_oger\/\">L&rsquo;Instagram<\/a> d&rsquo;\u00c9lo\u00efse Oger<\/p>\n\n\n\n<p><a href=\"https:\/\/www.instagram.com\/mailibernard\/\">L&rsquo;instagram<\/a> de Mai-Li<\/p>\n\n\n\n<p><a href=\"https:\/\/www.instagram.com\/lea.c.german\/\">L&rsquo;instagram<\/a> de L\u00e9a German<\/p>\n\n\n\n<p><a href=\"https:\/\/www.instagram.com\/felix.auvard\/\">L&rsquo;instagram<\/a> de F\u00e9lix Auvard<\/p>\n\n\n\n<p><a href=\"https:\/\/www.instagram.com\/maxbaitinger\/\">L&rsquo;instagram<\/a> de Max Baitinger<\/p>\n\n\n\n<p><a href=\"https:\/\/www.instagram.com\/jbbazin\/\">L&rsquo;instagram<\/a> de JB Bazin<\/p>\n\n\n\n<p><a href=\"https:\/\/www.instagram.com\/valentin_szejn\/\">L&rsquo;instagram<\/a> de Valentin Szejman<\/p>\n\n\n\n<p>Le <a href=\"https:\/\/beletteenvoyage.blogspot.com\/\">blog<\/a> de Marie Maillos<\/p>\n\n\n\n<h3 class=\"wp-block-heading\"><strong>En bonus les sites des amis :<\/strong><\/h3>\n\n\n\n<p>Les \u00e9ditions <a href=\"http:\/\/www.editionspolystyrene.fr\/\">Polystyr\u00e8ne<\/a><\/p>\n\n\n\n<p>Les <a href=\"https:\/\/siffleurs.fr\/\">Siffleurs<\/a> \u00e9ditions<\/p>\n\n\n\n<p>Les \u00e9ditions Les <a href=\"https:\/\/siffleurs.fr\/\">Machines<\/a><\/p>\n","protected":false},"excerpt":{"rendered":"<p>Voici les liens des auteur\u2027ices de D\u00e9dales \u00c9ditions : Le site de Mathieu, son Instagram et sa boutique Le site d&rsquo;Ugo Bagnarosa et son Instagram La Cha\u00eene Youtube des fr\u00e8res Chantaux, ainsi que leur Instagram L&rsquo;Instagram d&rsquo;\u00c9lo\u00efse Oger L&rsquo;instagram de Mai-Li L&rsquo;instagram de L\u00e9a German L&rsquo;instagram de F\u00e9lix Auvard L&rsquo;instagram de Max Baitinger L&rsquo;instagram de [&hellip;]<\/p>\n","protected":false},"author":1,"featured_media":0,"parent":0,"menu_order":0,"comment_status":"closed","ping_status":"closed","template":"","meta":{"ngg_post_thumbnail":0,"footnotes":""},"class_list":["post-2701","page","type-page","status-publish","hentry"],"_links":{"self":[{"href":"https:\/\/www.dedaleseditions.com\/site\/wp-json\/wp\/v2\/pages\/2701","targetHints":{"allow":["GET"]}}],"collection":[{"href":"https:\/\/www.dedaleseditions.com\/site\/wp-json\/wp\/v2\/pages"}],"about":[{"href":"https:\/\/www.dedaleseditions.com\/site\/wp-json\/wp\/v2\/types\/page"}],"author":[{"embeddable":true,"href":"https:\/\/www.dedaleseditions.com\/site\/wp-json\/wp\/v2\/users\/1"}],"replies":[{"embeddable":true,"href":"https:\/\/www.dedaleseditions.com\/site\/wp-json\/wp\/v2\/comments?post=2701"}],"version-history":[{"count":2,"href":"https:\/\/www.dedaleseditions.com\/site\/wp-json\/wp\/v2\/pages\/2701\/revisions"}],"predecessor-version":[{"id":2960,"href":"https:\/\/www.dedaleseditions.com\/site\/wp-json\/wp\/v2\/pages\/2701\/revisions\/2960"}],"wp:attachment":[{"href":"https:\/\/www.dedaleseditions.com\/site\/wp-json\/wp\/v2\/media?parent=2701"}],"curies":[{"name":"wp","href":"https:\/\/api.w.org\/{rel}","templated":true}]}}