{"id":2602,"date":"2023-11-03T16:39:48","date_gmt":"2023-11-03T15:39:48","guid":{"rendered":"http:\/\/www.dedaleseditions.com\/site\/?post_type=product&#038;p=2602"},"modified":"2023-11-22T22:49:33","modified_gmt":"2023-11-22T21:49:33","slug":"le-terrier","status":"publish","type":"product","link":"https:\/\/www.dedaleseditions.com\/site\/produit\/le-terrier\/","title":{"rendered":"Le terrier"},"content":{"rendered":"\n<p>Second livre de de la collection <em>\u00ab\u00a0D\u00e9tours\u00a0\u00bb<\/em> de D\u00e9dales qui permet \u00e0 un auteur de d\u00e9velopper son univers dans un album individuel et complet.<\/p>\n","protected":false},"excerpt":{"rendered":"<p><em>Le \u00ab\u00a0Major\u00a0\u00bb un soldat s\u00fbr de lui et de sa force, est envoy\u00e9 seul sur une colonie spatiale qui a rompu tout contact. Sur place il est happ\u00e9 dans un obscurs sous-terrain ou r\u00f4de d&rsquo;\u00e9nigmatiques cr\u00e9atures. Il est alors confront\u00e9 \u00e0 ses propres peurs et impuissances&#8230;<\/em><br \/>Jean-Baptiste BAZIN et Valentin SZEJNMAN on travaill\u00e9 \u00e0 4 mains pour dessiner ces deux premiers chapitres des aventures du \u00ab\u00a0Major\u00a0\u00bb.<\/p>\n","protected":false},"featured_media":2089,"template":"","meta":{"ngg_post_thumbnail":0},"product_brand":[],"product_cat":[138],"product_tag":[],"class_list":{"0":"post-2602","1":"product","2":"type-product","3":"status-publish","4":"has-post-thumbnail","6":"product_cat-collection-detours","8":"first","9":"instock","10":"taxable","11":"shipping-taxable","12":"purchasable","13":"product-type-simple"},"_links":{"self":[{"href":"https:\/\/www.dedaleseditions.com\/site\/wp-json\/wp\/v2\/product\/2602","targetHints":{"allow":["GET"]}}],"collection":[{"href":"https:\/\/www.dedaleseditions.com\/site\/wp-json\/wp\/v2\/product"}],"about":[{"href":"https:\/\/www.dedaleseditions.com\/site\/wp-json\/wp\/v2\/types\/product"}],"wp:featuredmedia":[{"embeddable":true,"href":"https:\/\/www.dedaleseditions.com\/site\/wp-json\/wp\/v2\/media\/2089"}],"wp:attachment":[{"href":"https:\/\/www.dedaleseditions.com\/site\/wp-json\/wp\/v2\/media?parent=2602"}],"wp:term":[{"taxonomy":"product_brand","embeddable":true,"href":"https:\/\/www.dedaleseditions.com\/site\/wp-json\/wp\/v2\/product_brand?post=2602"},{"taxonomy":"product_cat","embeddable":true,"href":"https:\/\/www.dedaleseditions.com\/site\/wp-json\/wp\/v2\/product_cat?post=2602"},{"taxonomy":"product_tag","embeddable":true,"href":"https:\/\/www.dedaleseditions.com\/site\/wp-json\/wp\/v2\/product_tag?post=2602"}],"curies":[{"name":"wp","href":"https:\/\/api.w.org\/{rel}","templated":true}]}}