{"id":2603,"date":"2023-11-03T16:41:52","date_gmt":"2023-11-03T15:41:52","guid":{"rendered":"http:\/\/www.dedaleseditions.com\/site\/?post_type=product&#038;p=2603"},"modified":"2023-11-22T22:49:24","modified_gmt":"2023-11-22T21:49:24","slug":"pigmentation-dun-discours-amoureux","status":"publish","type":"product","link":"https:\/\/www.dedaleseditions.com\/site\/produit\/pigmentation-dun-discours-amoureux\/","title":{"rendered":"Pigmentation d&rsquo;un discours amoureux"},"content":{"rendered":"\n<p>Premier livre de de la collection <em>\u00ab\u00a0D\u00e9tours\u00a0\u00bb<\/em> de D\u00e9dales qui permet \u00e0 un auteur de d\u00e9velopper son univers dans un album individuel et complet.<\/p>\n","protected":false},"excerpt":{"rendered":"<p>Mai Li BERNARD nous propose des sc\u00e8nes de la vie de couple, ou les personnages cherchent \u00e0 se d\u00e9crypter l&rsquo;un -l&rsquo;autre. Le lecteur aussi est pris dans ce jeu car cette histoire est sans parole et on s&rsquo;y exprime exclusivement avec des couleurs.<\/p>\n","protected":false},"featured_media":2083,"template":"","meta":{"ngg_post_thumbnail":0},"product_brand":[],"product_cat":[138],"product_tag":[],"class_list":{"0":"post-2603","1":"product","2":"type-product","3":"status-publish","4":"has-post-thumbnail","6":"product_cat-collection-detours","8":"first","9":"outofstock","10":"taxable","11":"shipping-taxable","12":"purchasable","13":"product-type-simple"},"_links":{"self":[{"href":"https:\/\/www.dedaleseditions.com\/site\/wp-json\/wp\/v2\/product\/2603","targetHints":{"allow":["GET"]}}],"collection":[{"href":"https:\/\/www.dedaleseditions.com\/site\/wp-json\/wp\/v2\/product"}],"about":[{"href":"https:\/\/www.dedaleseditions.com\/site\/wp-json\/wp\/v2\/types\/product"}],"wp:featuredmedia":[{"embeddable":true,"href":"https:\/\/www.dedaleseditions.com\/site\/wp-json\/wp\/v2\/media\/2083"}],"wp:attachment":[{"href":"https:\/\/www.dedaleseditions.com\/site\/wp-json\/wp\/v2\/media?parent=2603"}],"wp:term":[{"taxonomy":"product_brand","embeddable":true,"href":"https:\/\/www.dedaleseditions.com\/site\/wp-json\/wp\/v2\/product_brand?post=2603"},{"taxonomy":"product_cat","embeddable":true,"href":"https:\/\/www.dedaleseditions.com\/site\/wp-json\/wp\/v2\/product_cat?post=2603"},{"taxonomy":"product_tag","embeddable":true,"href":"https:\/\/www.dedaleseditions.com\/site\/wp-json\/wp\/v2\/product_tag?post=2603"}],"curies":[{"name":"wp","href":"https:\/\/api.w.org\/{rel}","templated":true}]}}