{"id":2606,"date":"2023-11-03T16:47:32","date_gmt":"2023-11-03T15:47:32","guid":{"rendered":"http:\/\/www.dedaleseditions.com\/site\/?post_type=product&#038;p=2606"},"modified":"2023-12-02T11:36:03","modified_gmt":"2023-12-02T10:36:03","slug":"lhomme-gouffre","status":"publish","type":"product","link":"https:\/\/www.dedaleseditions.com\/site\/produit\/lhomme-gouffre\/","title":{"rendered":"L\u2019Homme-Gouffre"},"content":{"rendered":"\n<p class=\"has-black-color has-text-color\"><a href=\"https:\/\/www.instagram.com\/lea.c.german\/\">L\u00e9a GERMAN<\/a> ; <a rel=\"noreferrer noopener\" href=\"https:\/\/beletteenvoyage.blogspot.com\/\" target=\"_blank\">Marie MAILLOS<\/a><\/p>\n\n\n\n<p class=\"has-black-color has-text-color\">Une petite fille en randonn\u00e9e avec sa grand-m\u00e8re tombe dans une crevasse. En attendant les secours, sa grand-m\u00e8re lui raconte une histoire\u2009: celle du petit Tony qui avait un gouffre dans le ventre.<br>Une fille plus t\u00e9m\u00e9raire que les autres &#8211; Anna &#8211; l\u2019avait explor\u00e9&#8230; et s\u2019\u00e9tait bless\u00e9e. Tony a v\u00e9cu d\u00e8s lors une vie de marin solitaire, son gouffre grandissant sans cesse. Lorsqu\u2019il rencontre \u00e0 nouveau Anna, devenue alpiniste, une nouvelle chance s\u2019offre \u00e0 eux.<\/p>\n\n\n\n<ul class=\"wp-block-list\">\n<li>Format 14&#215;24 cm; 32 pages.<\/li>\n\n\n\n<li>Coverture souple<\/li>\n\n\n\n<li>Impression: quadrichromie<\/li>\n<\/ul>\n","protected":false},"excerpt":{"rendered":"<p>Une petite fille en randonn\u00e9e avec sa grand-m\u00e8re tombe dans une crevasse. En attendant les secours, sa grand-m\u00e8re lui raconte une histoire\u2009: celle du petit Tony qui avait un gouffre dans le ventre.<br \/>Une fille plus t\u00e9m\u00e9raire que les autres &#8211; Anna &#8211; l\u2019avait explor\u00e9&#8230; et s\u2019\u00e9tait bless\u00e9e. Tony a v\u00e9cu d\u00e8s lors une vie de marin solitaire, son gouffre grandissant sans cesse. Lorsqu\u2019il rencontre \u00e0 nouveau Anna, devenue alpiniste, une nouvelle chance s\u2019offre \u00e0 eux.<\/p>\n","protected":false},"featured_media":2512,"template":"","meta":{"ngg_post_thumbnail":0},"product_brand":[],"product_cat":[138],"product_tag":[],"class_list":{"0":"post-2606","1":"product","2":"type-product","3":"status-publish","4":"has-post-thumbnail","6":"product_cat-collection-detours","8":"first","9":"instock","10":"taxable","11":"shipping-taxable","12":"purchasable","13":"product-type-simple"},"_links":{"self":[{"href":"https:\/\/www.dedaleseditions.com\/site\/wp-json\/wp\/v2\/product\/2606","targetHints":{"allow":["GET"]}}],"collection":[{"href":"https:\/\/www.dedaleseditions.com\/site\/wp-json\/wp\/v2\/product"}],"about":[{"href":"https:\/\/www.dedaleseditions.com\/site\/wp-json\/wp\/v2\/types\/product"}],"wp:featuredmedia":[{"embeddable":true,"href":"https:\/\/www.dedaleseditions.com\/site\/wp-json\/wp\/v2\/media\/2512"}],"wp:attachment":[{"href":"https:\/\/www.dedaleseditions.com\/site\/wp-json\/wp\/v2\/media?parent=2606"}],"wp:term":[{"taxonomy":"product_brand","embeddable":true,"href":"https:\/\/www.dedaleseditions.com\/site\/wp-json\/wp\/v2\/product_brand?post=2606"},{"taxonomy":"product_cat","embeddable":true,"href":"https:\/\/www.dedaleseditions.com\/site\/wp-json\/wp\/v2\/product_cat?post=2606"},{"taxonomy":"product_tag","embeddable":true,"href":"https:\/\/www.dedaleseditions.com\/site\/wp-json\/wp\/v2\/product_tag?post=2606"}],"curies":[{"name":"wp","href":"https:\/\/api.w.org\/{rel}","templated":true}]}}