{"id":2642,"date":"2023-11-26T11:03:14","date_gmt":"2023-11-26T10:03:14","guid":{"rendered":"http:\/\/www.dedaleseditions.com\/site\/?post_type=product&#038;p=2642"},"modified":"2025-02-07T15:02:19","modified_gmt":"2025-02-07T14:02:19","slug":"malbetes-i-la-saramauca","status":"publish","type":"product","link":"https:\/\/www.dedaleseditions.com\/site\/produit\/malbetes-i-la-saramauca\/","title":{"rendered":"MALB\u00caTES &#8211; I\/ La Sarramauca"},"content":{"rendered":"\n<p>La Sarramauca est un esprit malfaisant du sud de la France. Pouvant traverser la mati\u00e8re, elle rentre par effraction dans la chambre des maisonn\u00e9es et s&rsquo;assoit sur le buste de ses victimes impuissantes et endormies pour provoquer toutes sortes de cauchemars. Si son poids peut donner des difficult\u00e9s \u00e0 respirer, voire des suffocations, son pouvoir demeure le plus efficace dans le territoire onirique o\u00f9 sa proie est compl\u00e8tement \u00e0 sa merci.<\/p>\n\n\n\n<figure class=\"wp-block-video\"><video height=\"720\" style=\"aspect-ratio: 1280 \/ 720;\" width=\"1280\" controls src=\"http:\/\/www.dedaleseditions.com\/site\/wp-content\/uploads\/2024\/01\/SARAMAUCCA-169_720p_1.mp4\"><\/video><\/figure>\n","protected":false},"excerpt":{"rendered":"<p>Livres objet comprenant une bande dessin\u00e9e, un paysage panoramique s\u00e9rigraphi\u00e9, 2 cartes \u00e0 l&rsquo;effigie de la b\u00eate, un fascicule pour plus d&rsquo;informations le tout ench\u00e2ss\u00e9 dans un bo\u00eetier carton s\u00e9rigraphi\u00e9.<\/p>\n<p><strong>La Sarramauca<\/strong> <br \/>Sc\u00e9nario : Les fr\u00e8res CHANTAUX ; Dessin : \u00c9lo\u00efse OGER.<\/p>\n<p>La collection Malb\u00eates est une anthologie d\u2019histoires autour des cr\u00e9atures issues des contes &amp; l\u00e9gendes des r\u00e9gions fran\u00e7aises. Elle prend la forme d&rsquo;un livre-objet original, une bo\u00eete de pandore qui permet de d\u00e9couvrir le monstre et ses multiples facettes. \u00c0 l&rsquo;int\u00e9rieur : une bande dessin\u00e9e, une illustration en s\u00e9rigraphie, une carte de tarot et un livret contenant des informations sur la l\u00e9gende. Oserez-vous lib\u00e9rer son pouvoir ?<\/p>\n","protected":false},"featured_media":2652,"template":"","meta":{"ngg_post_thumbnail":0},"product_brand":[],"product_cat":[140,135],"product_tag":[],"class_list":{"0":"post-2642","1":"product","2":"type-product","3":"status-publish","4":"has-post-thumbnail","6":"product_cat-malbetes","7":"product_cat-non-classe","9":"first","10":"outofstock","11":"taxable","12":"shipping-taxable","13":"purchasable","14":"product-type-simple"},"_links":{"self":[{"href":"https:\/\/www.dedaleseditions.com\/site\/wp-json\/wp\/v2\/product\/2642","targetHints":{"allow":["GET"]}}],"collection":[{"href":"https:\/\/www.dedaleseditions.com\/site\/wp-json\/wp\/v2\/product"}],"about":[{"href":"https:\/\/www.dedaleseditions.com\/site\/wp-json\/wp\/v2\/types\/product"}],"wp:featuredmedia":[{"embeddable":true,"href":"https:\/\/www.dedaleseditions.com\/site\/wp-json\/wp\/v2\/media\/2652"}],"wp:attachment":[{"href":"https:\/\/www.dedaleseditions.com\/site\/wp-json\/wp\/v2\/media?parent=2642"}],"wp:term":[{"taxonomy":"product_brand","embeddable":true,"href":"https:\/\/www.dedaleseditions.com\/site\/wp-json\/wp\/v2\/product_brand?post=2642"},{"taxonomy":"product_cat","embeddable":true,"href":"https:\/\/www.dedaleseditions.com\/site\/wp-json\/wp\/v2\/product_cat?post=2642"},{"taxonomy":"product_tag","embeddable":true,"href":"https:\/\/www.dedaleseditions.com\/site\/wp-json\/wp\/v2\/product_tag?post=2642"}],"curies":[{"name":"wp","href":"https:\/\/api.w.org\/{rel}","templated":true}]}}