{"id":2645,"date":"2023-11-26T11:13:58","date_gmt":"2023-11-26T10:13:58","guid":{"rendered":"http:\/\/www.dedaleseditions.com\/site\/?post_type=product&#038;p=2645"},"modified":"2026-01-19T14:58:37","modified_gmt":"2026-01-19T13:58:37","slug":"malbetes-iii-le-tac","status":"publish","type":"product","link":"https:\/\/www.dedaleseditions.com\/site\/produit\/malbetes-iii-le-tac\/","title":{"rendered":"MALB\u00caTES &#8211; III\/ Le Tac"},"content":{"rendered":"\n<p>Le Tac est une cr\u00e9ature m\u00e9tamorphe, originaire des Landes, pouvant imiter les objets inanim\u00e9s mais aussi les \u00eatres organiques. Son apparence v\u00e9ritable est un myst\u00e8re\u2026 Elle se manifeste \u00e0 l\u2019or\u00e9e des bois ou pr\u00e8s d\u2019une source d\u2019eau, et cherche \u00e0 se faire porter sur le dos de la premi\u00e8re personne qui passe. Gare aux g\u00e9n\u00e9reux qui s\u2019y feraient prendre, car porter le Tac \u00e9puise son porteur, pouvant m\u00eame provoquer le tr\u00e9pas de celui-ci.<\/p>\n\n\n\n<figure class=\"wp-block-video\"><video height=\"720\" style=\"aspect-ratio: 1280 \/ 720;\" width=\"1280\" controls src=\"http:\/\/www.dedaleseditions.com\/site\/wp-content\/uploads\/2024\/01\/TAC-169_720p_1.mp4\"><\/video><\/figure>\n","protected":false},"excerpt":{"rendered":"<p>Livres objet comprenant une bande dessin\u00e9e, un paysage panoramique s\u00e9rigraphi\u00e9, 2 cartes \u00e0 l&rsquo;effigie de la b\u00eate, un fascicule pour plus d&rsquo;informations le tout ench\u00e2ss\u00e9 dans un bo\u00eetier carton s\u00e9rigraphi\u00e9.<\/p>\n<p><strong>Le Tac<\/strong><br \/>Sc\u00e9nario : Les fr\u00e8res CHANTAUX ; Dessin : Mathieu CONTIS.<\/p>\n<p>La collection Malb\u00eates est une anthologie d\u2019histoires autour des cr\u00e9atures issues des contes &amp; l\u00e9gendes des r\u00e9gions fran\u00e7aises. Elle prend la forme d&rsquo;un livre-objet original, une bo\u00eete de pandore qui permet de d\u00e9couvrir le monstre et ses multiples facettes. \u00c0 l&rsquo;int\u00e9rieur : une bande dessin\u00e9e, une illustration en s\u00e9rigraphie, une carte de tarot et un livret contenant des informations sur la l\u00e9gende. Oserez-vous lib\u00e9rer son pouvoir ?<\/p>\n","protected":false},"featured_media":2650,"template":"","meta":{"ngg_post_thumbnail":0},"product_brand":[],"product_cat":[140,135],"product_tag":[],"class_list":{"0":"post-2645","1":"product","2":"type-product","3":"status-publish","4":"has-post-thumbnail","6":"product_cat-malbetes","7":"product_cat-non-classe","9":"first","10":"instock","11":"taxable","12":"shipping-taxable","13":"purchasable","14":"product-type-simple"},"_links":{"self":[{"href":"https:\/\/www.dedaleseditions.com\/site\/wp-json\/wp\/v2\/product\/2645","targetHints":{"allow":["GET"]}}],"collection":[{"href":"https:\/\/www.dedaleseditions.com\/site\/wp-json\/wp\/v2\/product"}],"about":[{"href":"https:\/\/www.dedaleseditions.com\/site\/wp-json\/wp\/v2\/types\/product"}],"wp:featuredmedia":[{"embeddable":true,"href":"https:\/\/www.dedaleseditions.com\/site\/wp-json\/wp\/v2\/media\/2650"}],"wp:attachment":[{"href":"https:\/\/www.dedaleseditions.com\/site\/wp-json\/wp\/v2\/media?parent=2645"}],"wp:term":[{"taxonomy":"product_brand","embeddable":true,"href":"https:\/\/www.dedaleseditions.com\/site\/wp-json\/wp\/v2\/product_brand?post=2645"},{"taxonomy":"product_cat","embeddable":true,"href":"https:\/\/www.dedaleseditions.com\/site\/wp-json\/wp\/v2\/product_cat?post=2645"},{"taxonomy":"product_tag","embeddable":true,"href":"https:\/\/www.dedaleseditions.com\/site\/wp-json\/wp\/v2\/product_tag?post=2645"}],"curies":[{"name":"wp","href":"https:\/\/api.w.org\/{rel}","templated":true}]}}